{"id":35,"date":"2025-08-04T09:28:57","date_gmt":"2025-08-04T09:28:57","guid":{"rendered":"https:\/\/lottoonline365.com\/heim\/"},"modified":"2025-08-26T19:09:00","modified_gmt":"2025-08-26T19:09:00","slug":"heim","status":"publish","type":"page","link":"https:\/\/lottoonline365.com\/de\/","title":{"rendered":"Heim"},"content":{"rendered":"<h1>Der Online-Kauf von Lottoscheinen er\u00f6ffnet mehr M\u00f6glichkeiten<\/h1>\n<p>Konzentrieren Sie sich nicht nur auf Ihre lokale Lotterie, sondern informieren Sie sich auch \u00fcber Ihre M\u00f6glichkeiten, Lottoscheine online zu kaufen! Schlie\u00dflich sind Sie nicht mehr auf die Lotterien in Ihrem Land angewiesen.<\/p>\n<p>Heute k\u00f6nnen Sie mit einem 100 % legalen, online gekauften Lottoschein an den Ziehungen aller Jackpots der Welt teilnehmen. Dank des Lotto-Kurierdienstes von RedFoxLotto ist das Spielen zudem \u00e4u\u00dferst bequem. <strong><span style=\"text-decoration: underline;\"><a href=\"https:\/\/redfoxlotto.com\/?ref=A8564250A2&amp;medium=lo365\" target=\"_blank\" rel=\"noopener\">Hier klicken, um die Website von RedFoxLotto zu besuchen<\/a><\/span><\/strong>. Das Prinzip des Online-Dienstes besteht darin, dass RedFoxLotto Ihr bestelltes Los kauft und Ihnen anschlie\u00dfend einen Scan Ihres Loses als Nachweis aush\u00e4ndigt.<\/p>\n<p>Um ein Los f\u00fcr eine Lotterie zu kaufen, spielt es also keine Rolle mehr, in welchem Land Sie leben oder wo Sie sich gerade befinden.<\/p>\n<h2>Dutzende hochattraktiver Jackpots<\/h2>\n<p>Wenn Sie sich Ihre nationale Lotterie ansehen, werden Sie feststellen, dass die Jackpots relativ niedrig sind. Wenn Sie Lottoscheine hingegen online kaufen, haben Sie die freie Auswahl aus einer Vielzahl von Lotterien aus vielen L\u00e4ndern der Welt.<\/p>\n<p>Sicherlich haben Sie in den Nachrichten von riesigen Jackpots bei US-Lotterien wie <a href=\"en\/powerball-usa\">Powerball<\/a> und <a href=\"en\/mega-millions\">MegaMillions<\/a> geh\u00f6rt. K\u00fcrzlich wurde in den USA ein Jackpot im Wert von 1,5 Milliarden US-Dollar geknackt. Ein solcher Betrag ist kaum vorstellbar, aber Tatsache ist, dass auch Sie sicher und legal ein Los f\u00fcr diese und <a href=\"de\/more-international-jackpots\/euromillions\" target=\"_blank\" rel=\"noopener\">andere Lotterien<\/a> von Ihrem eigenen Land aus bestellen k\u00f6nnen.<\/p>\n<p>Nat\u00fcrlich ist der Preis eines Loses aufgrund der Kosten f\u00fcr den Kurierdienst etwas h\u00f6her als bei einem normalen Los, aber das Verh\u00e4ltnis zwischen den Ausgaben und dem potenziellen Gewinn ist um ein Vielfaches besser. Die meisten Spieler w\u00e4hlen den <a href=\"de\/mehr-internationale-jackpots\/el-gordo-lotto-spain\" target=\"_blank\" rel=\"noopener\">Jackpot<\/a> mit dem aktuell h\u00f6chsten Betrag \u2013 eine absolut logische und mathematisch korrekte Strategie!<\/p>\n<h2>So geht&#8217;s beim Loskauf<\/h2>\n<p><img loading=\"lazy\" decoding=\"async\" src=\"images\/powerball_los.jpg\" width=\"300\" height=\"169\" alt=\"powerball ticket\" style=\"margin: 5px; float: right;\" \/>Sobald Sie auf der Website von RedFoxLotto sind, w\u00e4hlen Sie zun\u00e4chst die Lotterie aus, an der Sie teilnehmen m\u00f6chten. Anschlie\u00dfend tippen Sie Ihre Zahlen \u2013 Sie k\u00f6nnen nichts falsch machen, denn die Website zeigt Ihnen genau an, wie viele Haupt- und Zusatzzahlen Sie f\u00fcr die gew\u00e4hlte Lotterie ankreuzen m\u00fcssen. Dar\u00fcber hinaus k\u00f6nnen Sie die Auswahl ganz oder teilweise dem Zufall \u00fcberlassen und die Zahlen von einem integrierten Zufallsgenerator ausw\u00e4hlen lassen.<\/p>\n<p>Selbstverst\u00e4ndlich k\u00f6nnen Sie auch mehrere Lose bestellen oder <a href=\"index.php?option=com_content&amp;view=article&amp;id=42&amp;Itemid=269&amp;lang=de\">mehrere Lotterien<\/a> spielen. Gleichzeitig haben Sie die M\u00f6glichkeit, mehrere Wochen lang an den Ziehungen teilzunehmen. Das ist besonders vorteilhaft: Erstens, weil RedFoxLotto Ihnen bei der Teilnahme an mehreren Ziehungen in der Regel einen Rabatt gew\u00e4hrt; und zweitens, weil selbst ein besonders hoher Jackpot bei der n\u00e4chsten Ziehung m\u00f6glicherweise nicht geknackt wird und Sie mit einem Dauerlos automatisch noch f\u00fcr die n\u00e4chste Ziehung im Rennen sind!<\/p>\n<p>Um den Kauf abzuschlie\u00dfen, m\u00fcssen Sie sich bei RedFoxLotto registrieren und anschlie\u00dfend eine der zahlreichen und sicheren Zahlungsmethoden nutzen. Kurze Zeit sp\u00e4ter erhalten Sie die Best\u00e4tigung und Ihren Tippschein.<\/p>\n<p>Wenn Sie <a href=\"de\/gewinnzahlen\" target=\"_blank\" rel=\"noopener\">gewinnen<\/a>, werden Sie automatisch von RedFoxLotto benachrichtigt. Die Auszahlung von Gewinnen bis zu 600 $ wird Ihrem Kundenkonto gutgeschrieben \u2013 Sie k\u00f6nnen sich das Geld sofort auszahlen lassen.<\/p>\n<p>F\u00fcr h\u00f6here Gewinne k\u00f6nnen Sie ein einfaches Formular ausf\u00fcllen und per E-Mail an RedFoxLotto senden. RedFoxLotto bearbeitet das Formular f\u00fcr Sie, und die Lottokommission nimmt anschlie\u00dfend Kontakt mit Ihnen auf und sendet Ihnen in den meisten F\u00e4llen einen Scheck.<\/p>\n<p><strong>Sie sehen: Der Online-Kauf von Lottoscheinen ist genauso sicher wie der Kauf eines Loses in Ihrer eigenen Stadt \u2013 aber potenziell viel lukrativer!<\/strong><\/p>\n","protected":false},"excerpt":{"rendered":"<p>Der Online-Kauf von Lottoscheinen er\u00f6ffnet mehr M\u00f6glichkeiten Konzentrieren Sie sich nicht nur auf Ihre lokale Lotterie, sondern informieren Sie sich auch \u00fcber Ihre M\u00f6glichkeiten, Lottoscheine online zu kaufen! Schlie\u00dflich sind Sie nicht mehr auf die Lotterien in Ihrem Land angewiesen. Heute k\u00f6nnen Sie mit einem 100 % legalen, online gekauften Lottoschein an den Ziehungen aller [&hellip;]<\/p>\n","protected":false},"author":1,"featured_media":0,"parent":0,"menu_order":0,"comment_status":"closed","ping_status":"closed","template":"","meta":{"footnotes":""},"class_list":["post-35","page","type-page","status-publish","hentry"],"blocksy_meta":[],"yoast_head":"<!-- This site is optimized with the Yoast SEO plugin v27.3 - https:\/\/yoast.com\/product\/yoast-seo-wordpress\/ -->\n<title>Lottoscheine online kaufen<\/title>\n<meta name=\"description\" content=\"Kaufen Sie offizielle Lottoscheine bequem von zu Hause aus online.\" \/>\n<meta name=\"robots\" content=\"index, follow, max-snippet:-1, max-image-preview:large, max-video-preview:-1\" \/>\n<link rel=\"canonical\" href=\"https:\/\/lottoonline365.com\/de\/\" \/>\n<meta property=\"og:locale\" content=\"de_DE\" \/>\n<meta property=\"og:type\" content=\"article\" \/>\n<meta property=\"og:title\" content=\"Lottoscheine online kaufen\" \/>\n<meta property=\"og:description\" content=\"Kaufen Sie offizielle Lottoscheine bequem von zu Hause aus online.\" \/>\n<meta property=\"og:url\" content=\"https:\/\/lottoonline365.com\/de\/\" \/>\n<meta property=\"article:modified_time\" content=\"2025-08-26T19:09:00+00:00\" \/>\n<meta name=\"twitter:card\" content=\"summary_large_image\" \/>\n<meta name=\"twitter:label1\" content=\"Gesch\u00e4tzte Lesezeit\" \/>\n\t<meta name=\"twitter:data1\" content=\"3\u00a0Minuten\" \/>\n<script type=\"application\/ld+json\" class=\"yoast-schema-graph\">{\"@context\":\"https:\\\/\\\/schema.org\",\"@graph\":[{\"@type\":\"WebPage\",\"@id\":\"https:\\\/\\\/lottoonline365.com\\\/de\\\/\",\"url\":\"https:\\\/\\\/lottoonline365.com\\\/de\\\/\",\"name\":\"Lottoscheine online kaufen\",\"isPartOf\":{\"@id\":\"https:\\\/\\\/lottoonline365.com\\\/de\\\/#website\"},\"datePublished\":\"2025-08-04T09:28:57+00:00\",\"dateModified\":\"2025-08-26T19:09:00+00:00\",\"description\":\"Kaufen Sie offizielle Lottoscheine bequem von zu Hause aus online.\",\"breadcrumb\":{\"@id\":\"https:\\\/\\\/lottoonline365.com\\\/de\\\/#breadcrumb\"},\"inLanguage\":\"de\",\"potentialAction\":[{\"@type\":\"ReadAction\",\"target\":[\"https:\\\/\\\/lottoonline365.com\\\/de\\\/\"]}]},{\"@type\":\"BreadcrumbList\",\"@id\":\"https:\\\/\\\/lottoonline365.com\\\/de\\\/#breadcrumb\",\"itemListElement\":[{\"@type\":\"ListItem\",\"position\":1,\"name\":\"Home\",\"item\":\"https:\\\/\\\/lottoonline365.com\\\/de\\\/\"},{\"@type\":\"ListItem\",\"position\":2,\"name\":\"Heim\"}]},{\"@type\":\"WebSite\",\"@id\":\"https:\\\/\\\/lottoonline365.com\\\/de\\\/#website\",\"url\":\"https:\\\/\\\/lottoonline365.com\\\/de\\\/\",\"name\":\"\",\"description\":\"\",\"potentialAction\":[{\"@type\":\"SearchAction\",\"target\":{\"@type\":\"EntryPoint\",\"urlTemplate\":\"https:\\\/\\\/lottoonline365.com\\\/de\\\/?s={search_term_string}\"},\"query-input\":{\"@type\":\"PropertyValueSpecification\",\"valueRequired\":true,\"valueName\":\"search_term_string\"}}],\"inLanguage\":\"de\"}]}<\/script>\n<!-- \/ Yoast SEO plugin. -->","yoast_head_json":{"title":"Lottoscheine online kaufen","description":"Kaufen Sie offizielle Lottoscheine bequem von zu Hause aus online.","robots":{"index":"index","follow":"follow","max-snippet":"max-snippet:-1","max-image-preview":"max-image-preview:large","max-video-preview":"max-video-preview:-1"},"canonical":"https:\/\/lottoonline365.com\/de\/","og_locale":"de_DE","og_type":"article","og_title":"Lottoscheine online kaufen","og_description":"Kaufen Sie offizielle Lottoscheine bequem von zu Hause aus online.","og_url":"https:\/\/lottoonline365.com\/de\/","article_modified_time":"2025-08-26T19:09:00+00:00","twitter_card":"summary_large_image","twitter_misc":{"Gesch\u00e4tzte Lesezeit":"3\u00a0Minuten"},"schema":{"@context":"https:\/\/schema.org","@graph":[{"@type":"WebPage","@id":"https:\/\/lottoonline365.com\/de\/","url":"https:\/\/lottoonline365.com\/de\/","name":"Lottoscheine online kaufen","isPartOf":{"@id":"https:\/\/lottoonline365.com\/de\/#website"},"datePublished":"2025-08-04T09:28:57+00:00","dateModified":"2025-08-26T19:09:00+00:00","description":"Kaufen Sie offizielle Lottoscheine bequem von zu Hause aus online.","breadcrumb":{"@id":"https:\/\/lottoonline365.com\/de\/#breadcrumb"},"inLanguage":"de","potentialAction":[{"@type":"ReadAction","target":["https:\/\/lottoonline365.com\/de\/"]}]},{"@type":"BreadcrumbList","@id":"https:\/\/lottoonline365.com\/de\/#breadcrumb","itemListElement":[{"@type":"ListItem","position":1,"name":"Home","item":"https:\/\/lottoonline365.com\/de\/"},{"@type":"ListItem","position":2,"name":"Heim"}]},{"@type":"WebSite","@id":"https:\/\/lottoonline365.com\/de\/#website","url":"https:\/\/lottoonline365.com\/de\/","name":"","description":"","potentialAction":[{"@type":"SearchAction","target":{"@type":"EntryPoint","urlTemplate":"https:\/\/lottoonline365.com\/de\/?s={search_term_string}"},"query-input":{"@type":"PropertyValueSpecification","valueRequired":true,"valueName":"search_term_string"}}],"inLanguage":"de"}]}},"_links":{"self":[{"href":"https:\/\/lottoonline365.com\/de\/wp-json\/wp\/v2\/pages\/35","targetHints":{"allow":["GET"]}}],"collection":[{"href":"https:\/\/lottoonline365.com\/de\/wp-json\/wp\/v2\/pages"}],"about":[{"href":"https:\/\/lottoonline365.com\/de\/wp-json\/wp\/v2\/types\/page"}],"author":[{"embeddable":true,"href":"https:\/\/lottoonline365.com\/de\/wp-json\/wp\/v2\/users\/1"}],"replies":[{"embeddable":true,"href":"https:\/\/lottoonline365.com\/de\/wp-json\/wp\/v2\/comments?post=35"}],"version-history":[{"count":1,"href":"https:\/\/lottoonline365.com\/de\/wp-json\/wp\/v2\/pages\/35\/revisions"}],"predecessor-version":[{"id":240,"href":"https:\/\/lottoonline365.com\/de\/wp-json\/wp\/v2\/pages\/35\/revisions\/240"}],"wp:attachment":[{"href":"https:\/\/lottoonline365.com\/de\/wp-json\/wp\/v2\/media?parent=35"}],"curies":[{"name":"wp","href":"https:\/\/api.w.org\/{rel}","templated":true}]}}