{"id":246,"date":"2025-08-04T09:28:57","date_gmt":"2025-08-04T09:28:57","guid":{"rendered":"https:\/\/lottoonline365.com\/hjem\/"},"modified":"2025-08-04T09:28:57","modified_gmt":"2025-08-04T09:28:57","slug":"hjem","status":"publish","type":"page","link":"https:\/\/lottoonline365.com\/da\/","title":{"rendered":"Hjem"},"content":{"rendered":"<h2>At k\u00f8be lottokuponer online \u00e5bner op for flere muligheder<\/h2>\n<p>I stedet for blot at fokusere p\u00e5 dit lokale lotteri, b\u00f8r du ogs\u00e5 kende dine muligheder for at k\u00f8be lottokuponer online! Du er trods alt ikke l\u00e6ngere afh\u00e6ngig af de lotterier, der tilbydes i dit eget land.<\/p>\n<p>I dag kan du deltage i tr\u00e6kningerne af alle jackpots i verden &#8211; med en 100% lovlig kupon, som du har k\u00f8bt online. Dette er ogs\u00e5 en yderst behagelig m\u00e5de at spille p\u00e5, med hj\u00e6lp fra RedFoxLottos lottokurertjeneste. <strong><span style=\"text-decoration: underline;\"><a href=\"https:\/\/redfoxlotto.com\/?ref=A8564250A2&amp;medium=lo365\" target=\"_blank\" rel=\"noopener\">Klik her for at bes\u00f8ge RedFoxLottos hjemmeside<\/a><\/span><\/strong>. Princippet bag deres onlinetjeneste er, at RedFoxLotto k\u00f8ber den kupon, du har bestilt, og derefter giver dig en scannet kopi af din kupon som bevis.<\/p>\n<p>S\u00e5 for at k\u00f8be en lotterikupon er det ikke l\u00e6ngere vigtigt, hvilket land du bor i, eller hvor du befinder dig i \u00f8jeblikket.<\/p>\n<h2>Snesevis af meget attraktive jackpots<\/h2>\n<p>Hvis du ser p\u00e5 dit nationale lotteri, kan du opdage, at jackpotsene er relativt lave. Hvis du derimod k\u00f8ber lotterikuponer via internettet, har du frit valg mellem en r\u00e6kke lotterier fra mange lande i verden.<\/p>\n<p>Du har helt sikkert h\u00f8rt i nyhederne om enorme jackpots til amerikanske lotterier som <a href=\"en\/powerball-usa\">Powerball<\/a> og <a href=\"en\/mega-millions\">MegaMillions<\/a>. For nylig blev en jackpot p\u00e5 1,5 milliarder amerikanske dollars vundet i USA. Et s\u00e5dant bel\u00f8b er sv\u00e6rt overhovedet at forestille sig, men faktum er, at du ogs\u00e5 trygt og lovligt kan bestille en lodseddel til disse og <a href=\"en\/more-international-jackpots\/euromillions\" target=\"_blank\" rel=\"noopener\">andre lotterier<\/a> fra dit eget land.<\/p>\n<p>Prisen p\u00e5 en lodseddel er selvf\u00f8lgelig lidt h\u00f8jere end en normal lodseddel p\u00e5 grund af udgifterne til kurertjenesten, men forholdet mellem de brugte penge og den potentielle fortjeneste er mange gange bedre. De fleste spillere v\u00e6lger den <a href=\"en\/more-international-jackpots\/el-gordo-lotto-spain\" target=\"_blank\" rel=\"noopener\">jackpot <\/a>, som i \u00f8jeblikket har det h\u00f8jeste bel\u00f8b &#8211; dette er en fuldst\u00e6ndig logisk og matematisk korrekt strategi!<\/p>\n<h2>Proceduren for k\u00f8b af lodsedler<\/h2>\n<p><img loading=\"lazy\" decoding=\"async\" style=\"margin: 5px; float: right;\" src=\"images\/powerball_los.jpg\" alt=\"powerball ticket\" width=\"300\" height=\"169\" \/>N\u00e5r du er p\u00e5 RedFoxLottos hjemmeside, skal du f\u00f8rst v\u00e6lge det lotteri, du vil deltage i. Derefter v\u00e6lger du dine tal &#8211; du kan ikke g\u00e5 galt i byen, fordi hjemmesiden fort\u00e6ller dig pr\u00e6cis, hvor mange hovedtal og ekstra tal du skal s\u00e6tte kryds i det lotteri, du har valgt. Derudover kan du overlade hele eller dele af valget til tilf\u00e6ldighederne og lade en integreret tilf\u00e6ldig talgenerator v\u00e6lge tallene for dig.<\/p>\n<p>Du kan selvf\u00f8lgelig ogs\u00e5 bestille flere lodder eller spille <a href=\"index.php?option=com_content&amp;view=article&amp;id=42&amp;Itemid=269&amp;lang=en\">flere lotterier<\/a>. Samtidig har du mulighed for at deltage i lodtr\u00e6kningerne i flere uger. Dette er is\u00e6r fordelagtigt: for det f\u00f8rste, fordi RedFoxLotto normalt tilbyder dig en rabat, hvis du deltager i flere lodtr\u00e6kninger; og for det andet, fordi selv en s\u00e6rlig stor jackpot muligvis ikke vindes ved den n\u00e6ste tr\u00e6kning, og med en &#8220;permanent kupon&#8221; er du automatisk stadig med i kapl\u00f8bet om den n\u00e6ste tr\u00e6kning!<\/p>\n<p>For at gennemf\u00f8re k\u00f8bet skal du registrere dig hos RedFoxLotto og derefter bruge en af \u200b\u200bde mange og sikre betalingsmetoder. Kort tid efter modtager du bekr\u00e6ftelsen og din kupon.<\/p>\n<p>Hvis du <a href=\"en\/winning-numbers\" target=\"_blank\" rel=\"noopener\">vinder<\/a>, vil du automatisk blive underrettet af RedFoxLotto. Udbetalingen for gevinster op til $600 vil blive krediteret din kundekonto &#8211; du kan f\u00e5 pengene udbetalt med det samme.<\/p>\n<p>For st\u00f8rre gevinster er der en simpel formular, der skal udfyldes og sendes til RedFoxLotto via e-mail. De vil behandle den for dig, og Lottokommissionen vil derefter kontakte dig og i de fleste tilf\u00e6lde sende dig en check.<\/p>\n<p><strong>Du ved, at det er lige s\u00e5 sikkert at k\u00f8be lottokuponer online som at k\u00f8be en kupon i din egen by &#8211; men potentielt meget mere lukrativt!<\/strong><\/p>\n","protected":false},"excerpt":{"rendered":"<p>At k\u00f8be lottokuponer online \u00e5bner op for flere muligheder I stedet for blot at fokusere p\u00e5 dit lokale lotteri, b\u00f8r du ogs\u00e5 kende dine muligheder for at k\u00f8be lottokuponer online! Du er trods alt ikke l\u00e6ngere afh\u00e6ngig af de lotterier, der tilbydes i dit eget land. I dag kan du deltage i tr\u00e6kningerne af alle [&hellip;]<\/p>\n","protected":false},"author":1,"featured_media":0,"parent":0,"menu_order":0,"comment_status":"closed","ping_status":"closed","template":"","meta":{"footnotes":""},"class_list":["post-246","page","type-page","status-publish","hentry"],"blocksy_meta":[],"yoast_head":"<!-- This site is optimized with the Yoast SEO plugin v27.3 - https:\/\/yoast.com\/product\/yoast-seo-wordpress\/ -->\n<title>K\u00f8b lottobilletter online<\/title>\n<meta name=\"description\" content=\"K\u00f8b officielle lotterikuponer online fra dit eget hjem.\" \/>\n<meta name=\"robots\" content=\"index, follow, max-snippet:-1, max-image-preview:large, max-video-preview:-1\" \/>\n<link rel=\"canonical\" href=\"https:\/\/lottoonline365.com\/da\/\" \/>\n<meta property=\"og:locale\" content=\"da_DK\" \/>\n<meta property=\"og:type\" content=\"article\" \/>\n<meta property=\"og:title\" content=\"K\u00f8b lottobilletter online\" \/>\n<meta property=\"og:description\" content=\"K\u00f8b officielle lotterikuponer online fra dit eget hjem.\" \/>\n<meta property=\"og:url\" content=\"https:\/\/lottoonline365.com\/da\/\" \/>\n<meta name=\"twitter:card\" content=\"summary_large_image\" \/>\n<meta name=\"twitter:label1\" content=\"Estimeret l\u00e6setid\" \/>\n\t<meta name=\"twitter:data1\" content=\"3 minutter\" \/>\n<script type=\"application\/ld+json\" class=\"yoast-schema-graph\">{\"@context\":\"https:\\\/\\\/schema.org\",\"@graph\":[{\"@type\":\"WebPage\",\"@id\":\"https:\\\/\\\/lottoonline365.com\\\/da\\\/\",\"url\":\"https:\\\/\\\/lottoonline365.com\\\/da\\\/\",\"name\":\"K\u00f8b lottobilletter online\",\"isPartOf\":{\"@id\":\"https:\\\/\\\/lottoonline365.com\\\/da\\\/#website\"},\"datePublished\":\"2025-08-04T09:28:57+00:00\",\"description\":\"K\u00f8b officielle lotterikuponer online fra dit eget hjem.\",\"breadcrumb\":{\"@id\":\"https:\\\/\\\/lottoonline365.com\\\/da\\\/#breadcrumb\"},\"inLanguage\":\"da-DK\",\"potentialAction\":[{\"@type\":\"ReadAction\",\"target\":[\"https:\\\/\\\/lottoonline365.com\\\/da\\\/\"]}]},{\"@type\":\"BreadcrumbList\",\"@id\":\"https:\\\/\\\/lottoonline365.com\\\/da\\\/#breadcrumb\",\"itemListElement\":[{\"@type\":\"ListItem\",\"position\":1,\"name\":\"Home\",\"item\":\"https:\\\/\\\/lottoonline365.com\\\/da\\\/\"},{\"@type\":\"ListItem\",\"position\":2,\"name\":\"Hjem\"}]},{\"@type\":\"WebSite\",\"@id\":\"https:\\\/\\\/lottoonline365.com\\\/da\\\/#website\",\"url\":\"https:\\\/\\\/lottoonline365.com\\\/da\\\/\",\"name\":\"\",\"description\":\"\",\"potentialAction\":[{\"@type\":\"SearchAction\",\"target\":{\"@type\":\"EntryPoint\",\"urlTemplate\":\"https:\\\/\\\/lottoonline365.com\\\/da\\\/?s={search_term_string}\"},\"query-input\":{\"@type\":\"PropertyValueSpecification\",\"valueRequired\":true,\"valueName\":\"search_term_string\"}}],\"inLanguage\":\"da-DK\"}]}<\/script>\n<!-- \/ Yoast SEO plugin. -->","yoast_head_json":{"title":"K\u00f8b lottobilletter online","description":"K\u00f8b officielle lotterikuponer online fra dit eget hjem.","robots":{"index":"index","follow":"follow","max-snippet":"max-snippet:-1","max-image-preview":"max-image-preview:large","max-video-preview":"max-video-preview:-1"},"canonical":"https:\/\/lottoonline365.com\/da\/","og_locale":"da_DK","og_type":"article","og_title":"K\u00f8b lottobilletter online","og_description":"K\u00f8b officielle lotterikuponer online fra dit eget hjem.","og_url":"https:\/\/lottoonline365.com\/da\/","twitter_card":"summary_large_image","twitter_misc":{"Estimeret l\u00e6setid":"3 minutter"},"schema":{"@context":"https:\/\/schema.org","@graph":[{"@type":"WebPage","@id":"https:\/\/lottoonline365.com\/da\/","url":"https:\/\/lottoonline365.com\/da\/","name":"K\u00f8b lottobilletter online","isPartOf":{"@id":"https:\/\/lottoonline365.com\/da\/#website"},"datePublished":"2025-08-04T09:28:57+00:00","description":"K\u00f8b officielle lotterikuponer online fra dit eget hjem.","breadcrumb":{"@id":"https:\/\/lottoonline365.com\/da\/#breadcrumb"},"inLanguage":"da-DK","potentialAction":[{"@type":"ReadAction","target":["https:\/\/lottoonline365.com\/da\/"]}]},{"@type":"BreadcrumbList","@id":"https:\/\/lottoonline365.com\/da\/#breadcrumb","itemListElement":[{"@type":"ListItem","position":1,"name":"Home","item":"https:\/\/lottoonline365.com\/da\/"},{"@type":"ListItem","position":2,"name":"Hjem"}]},{"@type":"WebSite","@id":"https:\/\/lottoonline365.com\/da\/#website","url":"https:\/\/lottoonline365.com\/da\/","name":"","description":"","potentialAction":[{"@type":"SearchAction","target":{"@type":"EntryPoint","urlTemplate":"https:\/\/lottoonline365.com\/da\/?s={search_term_string}"},"query-input":{"@type":"PropertyValueSpecification","valueRequired":true,"valueName":"search_term_string"}}],"inLanguage":"da-DK"}]}},"_links":{"self":[{"href":"https:\/\/lottoonline365.com\/da\/wp-json\/wp\/v2\/pages\/246","targetHints":{"allow":["GET"]}}],"collection":[{"href":"https:\/\/lottoonline365.com\/da\/wp-json\/wp\/v2\/pages"}],"about":[{"href":"https:\/\/lottoonline365.com\/da\/wp-json\/wp\/v2\/types\/page"}],"author":[{"embeddable":true,"href":"https:\/\/lottoonline365.com\/da\/wp-json\/wp\/v2\/users\/1"}],"replies":[{"embeddable":true,"href":"https:\/\/lottoonline365.com\/da\/wp-json\/wp\/v2\/comments?post=246"}],"version-history":[{"count":0,"href":"https:\/\/lottoonline365.com\/da\/wp-json\/wp\/v2\/pages\/246\/revisions"}],"wp:attachment":[{"href":"https:\/\/lottoonline365.com\/da\/wp-json\/wp\/v2\/media?parent=246"}],"curies":[{"name":"wp","href":"https:\/\/api.w.org\/{rel}","templated":true}]}}