{"id":245,"date":"2025-08-04T09:28:57","date_gmt":"2025-08-04T09:28:57","guid":{"rendered":"https:\/\/lottoonline365.com\/domov\/"},"modified":"2025-08-04T09:28:57","modified_gmt":"2025-08-04T09:28:57","slug":"domov","status":"publish","type":"page","link":"https:\/\/lottoonline365.com\/cs\/","title":{"rendered":"Domov"},"content":{"rendered":"<h2>N\u00e1kup loterijn\u00edch tiket\u016f online otev\u00edr\u00e1 v\u00edce mo\u017enost\u00ed<\/h2>\n<p>M\u00edsto abyste se soust\u0159edili pouze na m\u00edstn\u00ed loterii, m\u011bli byste zn\u00e1t i mo\u017enosti n\u00e1kupu loterijn\u00edch tiket\u016f online! Koneckonc\u016f, u\u017e nejste z\u00e1visl\u00ed na loteri\u00edch nab\u00edzen\u00fdch ve va\u0161\u00ed zemi.<\/p>\n<p>V dne\u0161n\u00ed dob\u011b se m\u016f\u017eete z\u00fa\u010dastnit slosov\u00e1n\u00ed v\u0161ech jackpot\u016f na sv\u011bt\u011b \u2013 se 100% leg\u00e1ln\u00edm tiketem, kter\u00fd jste si zakoupili online. Je to tak\u00e9 mimo\u0159\u00e1dn\u011b pohodln\u00fd zp\u016fsob hran\u00ed s pomoc\u00ed kur\u00fdrn\u00ed slu\u017eby loterie RedFoxLotto. <strong><span style=\"text-decoration: underline;\"><a href=\"https:\/\/redfoxlotto.com\/?ref=A8564250A2&amp;medium=lo365\" target=\"_blank\" rel=\"noopener\">Klikn\u011bte zde pro n\u00e1v\u0161t\u011bvu webov\u00fdch str\u00e1nek RedFoxLotto<\/a><\/span><\/strong>. Princip jejich online slu\u017eby spo\u010d\u00edv\u00e1 v tom, \u017ee RedFoxLotto koup\u00ed tiket, kter\u00fd jste si objednali, a pot\u00e9 v\u00e1m poskytne naskenovanou kopii va\u0161eho tiketu jako doklad.<\/p>\n<p>Tak\u017ee abyste si koupili tiket do jak\u00e9koli loterie, u\u017e nez\u00e1le\u017e\u00ed na tom, ve kter\u00e9 zemi \u017eijete nebo kde se pr\u00e1v\u011b nach\u00e1z\u00edte.<\/p>\n<h2>Des\u00edtky velmi atraktivn\u00edch jackpot\u016f<\/h2>\n<p>Pokud se pod\u00edv\u00e1te na svou n\u00e1rodn\u00ed loterii, zjist\u00edte, \u017ee jackpoty jsou relativn\u011b n\u00edzk\u00e9. Na druhou stranu, pokud si koup\u00edte losy p\u0159es internet, m\u00e1te voln\u00fd v\u00fdb\u011br z \u0159ady loteri\u00ed z mnoha zem\u00ed sv\u011bta.<\/p>\n<p>Jist\u011b jste sly\u0161eli o obrovsk\u00fdch jackpotech v americk\u00fdch loteri\u00edch, jako jsou <a href=\"cs\/powerball-usa\">Powerball<\/a>a <a href=\"cs\/mega-millions\">MegaMillions<\/a>. Ned\u00e1vno byl v USA vyhr\u00e1n jackpot v hodnot\u011b 1,5 miliardy americk\u00fdch dolar\u016f. Takovou \u010d\u00e1stku si lze jen t\u011b\u017eko p\u0159edstavit, ale faktem je, \u017ee i vy si m\u016f\u017eete bezpe\u010dn\u011b a leg\u00e1ln\u011b objednat tiket pro tyto a <a href=\"cs\/more-international-jackpots\/euromillions\" target=\"_blank\" rel=\"noopener\">dal\u0161\u00ed loterie<\/a> ze sv\u00e9 vlastn\u00ed zem\u011b.<\/p>\n<p>Cena tiketu je samoz\u0159ejm\u011b o n\u011bco vy\u0161\u0161\u00ed ne\u017e u b\u011b\u017en\u00e9ho tiketu kv\u016fli n\u00e1klad\u016fm na kur\u00fdrn\u00ed slu\u017ebu, ale pom\u011br mezi utracen\u00fdmi pen\u011bzi a potenci\u00e1ln\u00edm ziskem je mnohon\u00e1sobn\u011b lep\u0161\u00ed. V\u011bt\u0161ina hr\u00e1\u010d\u016f vol\u00ed <a href=\"cs\/more-international-jackpots\/el-gordo-lotto-spain\" target=\"_blank\" rel=\"noopener\">jackpot<\/a>, kter\u00fd m\u00e1 aktu\u00e1ln\u011b nejvy\u0161\u0161\u00ed \u010d\u00e1stku \u2013 to je zcela logick\u00e1 a matematicky spr\u00e1vn\u00e1 strategie!<\/p>\n<h2>Postup n\u00e1kupu tiketu<\/h2>\n<p><img loading=\"lazy\" decoding=\"async\" style=\"margin: 5px; float: right;\" src=\"images\/powerball_los.jpg\" alt=\"tiket Powerball\" width=\"300\" height=\"169\" \/>Jakmile se ocitnete na webov\u00fdch str\u00e1nk\u00e1ch RedFoxLotto, nejprve si vyberte loterii, kter\u00e9 se chcete z\u00fa\u010dastnit. Pot\u00e9 si vyberte \u010d\u00edsla \u2013 nem\u016f\u017eete se spl\u00e9st, proto\u017ee webov\u00e9 str\u00e1nky v\u00e1m p\u0159esn\u011b sd\u011bl\u00ed, kolik hlavn\u00edch a dopl\u0148kov\u00fdch \u010d\u00edsel mus\u00edte pro vybranou loterii za\u0161krtnout. Krom\u011b toho m\u016f\u017eete nechat cel\u00fd v\u00fdb\u011br nebo jeho \u010d\u00e1st n\u00e1hod\u011b a nechat integrovan\u00fd gener\u00e1tor n\u00e1hodn\u00fdch \u010d\u00edsel vybrat \u010d\u00edsla za v\u00e1s.<\/p>\n<p>Samoz\u0159ejm\u011b si tak\u00e9 m\u016f\u017eete objednat v\u00edce tiket\u016f nebo hr\u00e1t <a href=\"index.php?option=com_content&amp;view=article&amp;id=42&amp;Itemid=269&amp;lang=en\">v\u00edce loteri\u00ed<\/a>. Z\u00e1rove\u0148 m\u00e1te mo\u017enost \u00fa\u010dastnit se slosov\u00e1n\u00ed po dobu n\u011bkolika t\u00fddn\u016f. To je obzvl\u00e1\u0161t\u011b v\u00fdhodn\u00e9: zaprv\u00e9, proto\u017ee RedFoxLotto v\u00e1m obvykle nab\u00edz\u00ed slevu, pokud se z\u00fa\u010dastn\u00edte v\u00edce slosov\u00e1n\u00ed; a za druh\u00e9, proto\u017ee ani obzvl\u00e1\u0161t\u011b velk\u00fd jackpot nemus\u00ed b\u00fdt vyhr\u00e1n v dal\u0161\u00edm slosov\u00e1n\u00ed a s \u201epermanentn\u00edm tiketem\u201c jste automaticky st\u00e1le v z\u00e1vod\u011b o dal\u0161\u00ed slosov\u00e1n\u00ed!<\/p>\n<p>Pro dokon\u010den\u00ed n\u00e1kupu se mus\u00edte zaregistrovat u RedFoxLotto a pot\u00e9 pou\u017e\u00edt jednu z mnoha bezpe\u010dn\u00fdch platebn\u00edch metod. Kr\u00e1tce nato obdr\u017e\u00edte potvrzen\u00ed a sv\u016fj tiket.<\/p>\n<p>Pokud <a href=\"cs\/winning-numbers\" target=\"_blank\" rel=\"noopener\">vyhrajete<\/a>, budete automaticky informov\u00e1ni spole\u010dnost\u00ed RedFoxLotto. V\u00fdplata v\u00fdher a\u017e do v\u00fd\u0161e 600 USD bude p\u0159ips\u00e1na na v\u00e1\u0161 z\u00e1kaznick\u00fd \u00fa\u010det \u2013 pen\u00edze si m\u016f\u017eete nechat vyplatit okam\u017eit\u011b.<\/p>\n<p>Pro vy\u0161\u0161\u00ed v\u00fdhry je t\u0159eba vyplnit jednoduch\u00fd formul\u00e1\u0159 a odeslat jej e-mailem spole\u010dnosti RedFoxLotto. Zpracuj\u00ed ho za v\u00e1s a loterijn\u00ed komise v\u00e1s pot\u00e9 kontaktuje a ve v\u011bt\u0161in\u011b p\u0159\u00edpad\u016f v\u00e1m za\u0161le \u0161ek.<\/p>\n<p><strong>V\u00edte, n\u00e1kup loterijn\u00edch tiket\u016f online je stejn\u011b bezpe\u010dn\u00fd jako n\u00e1kup tiketu ve va\u0161em vlastn\u00edm m\u011bst\u011b \u2013 ale potenci\u00e1ln\u011b mnohem lukrativn\u011bj\u0161\u00ed!<\/strong><\/p>\n","protected":false},"excerpt":{"rendered":"<p>N\u00e1kup loterijn\u00edch tiket\u016f online otev\u00edr\u00e1 v\u00edce mo\u017enost\u00ed M\u00edsto abyste se soust\u0159edili pouze na m\u00edstn\u00ed loterii, m\u011bli byste zn\u00e1t i mo\u017enosti n\u00e1kupu loterijn\u00edch tiket\u016f online! Koneckonc\u016f, u\u017e nejste z\u00e1visl\u00ed na loteri\u00edch nab\u00edzen\u00fdch ve va\u0161\u00ed zemi. V dne\u0161n\u00ed dob\u011b se m\u016f\u017eete z\u00fa\u010dastnit slosov\u00e1n\u00ed v\u0161ech jackpot\u016f na sv\u011bt\u011b \u2013 se 100% leg\u00e1ln\u00edm tiketem, kter\u00fd jste si zakoupili online. [&hellip;]<\/p>\n","protected":false},"author":1,"featured_media":0,"parent":0,"menu_order":0,"comment_status":"closed","ping_status":"closed","template":"","meta":{"footnotes":""},"class_list":["post-245","page","type-page","status-publish","hentry"],"blocksy_meta":[],"yoast_head":"<!-- This site is optimized with the Yoast SEO plugin v27.6 - https:\/\/yoast.com\/product\/yoast-seo-wordpress\/ -->\n<title>Kupte si losy online<\/title>\n<meta name=\"description\" content=\"Kupte si ofici\u00e1ln\u00ed loterijn\u00ed losy online z pohodl\u00ed domova.\" \/>\n<meta name=\"robots\" content=\"index, follow, max-snippet:-1, max-image-preview:large, max-video-preview:-1\" \/>\n<link rel=\"canonical\" href=\"https:\/\/lottoonline365.com\/cs\/\" \/>\n<meta property=\"og:locale\" content=\"cs_CZ\" \/>\n<meta property=\"og:type\" content=\"article\" \/>\n<meta property=\"og:title\" content=\"Kupte si losy online\" \/>\n<meta property=\"og:description\" content=\"Kupte si ofici\u00e1ln\u00ed loterijn\u00ed losy online z pohodl\u00ed domova.\" \/>\n<meta property=\"og:url\" content=\"https:\/\/lottoonline365.com\/cs\/\" \/>\n<meta name=\"twitter:card\" content=\"summary_large_image\" \/>\n<meta name=\"twitter:label1\" content=\"Odhadovan\u00e1 doba \u010dten\u00ed\" \/>\n\t<meta name=\"twitter:data1\" content=\"3 minuty\" \/>\n<script type=\"application\/ld+json\" class=\"yoast-schema-graph\">{\"@context\":\"https:\\\/\\\/schema.org\",\"@graph\":[{\"@type\":\"WebPage\",\"@id\":\"https:\\\/\\\/lottoonline365.com\\\/cs\\\/\",\"url\":\"https:\\\/\\\/lottoonline365.com\\\/cs\\\/\",\"name\":\"Kupte si losy online\",\"isPartOf\":{\"@id\":\"https:\\\/\\\/lottoonline365.com\\\/cs\\\/#website\"},\"datePublished\":\"2025-08-04T09:28:57+00:00\",\"description\":\"Kupte si ofici\u00e1ln\u00ed loterijn\u00ed losy online z pohodl\u00ed domova.\",\"breadcrumb\":{\"@id\":\"https:\\\/\\\/lottoonline365.com\\\/cs\\\/#breadcrumb\"},\"inLanguage\":\"cs\",\"potentialAction\":[{\"@type\":\"ReadAction\",\"target\":[\"https:\\\/\\\/lottoonline365.com\\\/cs\\\/\"]}]},{\"@type\":\"BreadcrumbList\",\"@id\":\"https:\\\/\\\/lottoonline365.com\\\/cs\\\/#breadcrumb\",\"itemListElement\":[{\"@type\":\"ListItem\",\"position\":1,\"name\":\"Home\",\"item\":\"https:\\\/\\\/lottoonline365.com\\\/cs\\\/\"},{\"@type\":\"ListItem\",\"position\":2,\"name\":\"Domov\"}]},{\"@type\":\"WebSite\",\"@id\":\"https:\\\/\\\/lottoonline365.com\\\/cs\\\/#website\",\"url\":\"https:\\\/\\\/lottoonline365.com\\\/cs\\\/\",\"name\":\"\",\"description\":\"\",\"potentialAction\":[{\"@type\":\"SearchAction\",\"target\":{\"@type\":\"EntryPoint\",\"urlTemplate\":\"https:\\\/\\\/lottoonline365.com\\\/cs\\\/?s={search_term_string}\"},\"query-input\":{\"@type\":\"PropertyValueSpecification\",\"valueRequired\":true,\"valueName\":\"search_term_string\"}}],\"inLanguage\":\"cs\"}]}<\/script>\n<!-- \/ Yoast SEO plugin. -->","yoast_head_json":{"title":"Kupte si losy online","description":"Kupte si ofici\u00e1ln\u00ed loterijn\u00ed losy online z pohodl\u00ed domova.","robots":{"index":"index","follow":"follow","max-snippet":"max-snippet:-1","max-image-preview":"max-image-preview:large","max-video-preview":"max-video-preview:-1"},"canonical":"https:\/\/lottoonline365.com\/cs\/","og_locale":"cs_CZ","og_type":"article","og_title":"Kupte si losy online","og_description":"Kupte si ofici\u00e1ln\u00ed loterijn\u00ed losy online z pohodl\u00ed domova.","og_url":"https:\/\/lottoonline365.com\/cs\/","twitter_card":"summary_large_image","twitter_misc":{"Odhadovan\u00e1 doba \u010dten\u00ed":"3 minuty"},"schema":{"@context":"https:\/\/schema.org","@graph":[{"@type":"WebPage","@id":"https:\/\/lottoonline365.com\/cs\/","url":"https:\/\/lottoonline365.com\/cs\/","name":"Kupte si losy online","isPartOf":{"@id":"https:\/\/lottoonline365.com\/cs\/#website"},"datePublished":"2025-08-04T09:28:57+00:00","description":"Kupte si ofici\u00e1ln\u00ed loterijn\u00ed losy online z pohodl\u00ed domova.","breadcrumb":{"@id":"https:\/\/lottoonline365.com\/cs\/#breadcrumb"},"inLanguage":"cs","potentialAction":[{"@type":"ReadAction","target":["https:\/\/lottoonline365.com\/cs\/"]}]},{"@type":"BreadcrumbList","@id":"https:\/\/lottoonline365.com\/cs\/#breadcrumb","itemListElement":[{"@type":"ListItem","position":1,"name":"Home","item":"https:\/\/lottoonline365.com\/cs\/"},{"@type":"ListItem","position":2,"name":"Domov"}]},{"@type":"WebSite","@id":"https:\/\/lottoonline365.com\/cs\/#website","url":"https:\/\/lottoonline365.com\/cs\/","name":"","description":"","potentialAction":[{"@type":"SearchAction","target":{"@type":"EntryPoint","urlTemplate":"https:\/\/lottoonline365.com\/cs\/?s={search_term_string}"},"query-input":{"@type":"PropertyValueSpecification","valueRequired":true,"valueName":"search_term_string"}}],"inLanguage":"cs"}]}},"_links":{"self":[{"href":"https:\/\/lottoonline365.com\/cs\/wp-json\/wp\/v2\/pages\/245","targetHints":{"allow":["GET"]}}],"collection":[{"href":"https:\/\/lottoonline365.com\/cs\/wp-json\/wp\/v2\/pages"}],"about":[{"href":"https:\/\/lottoonline365.com\/cs\/wp-json\/wp\/v2\/types\/page"}],"author":[{"embeddable":true,"href":"https:\/\/lottoonline365.com\/cs\/wp-json\/wp\/v2\/users\/1"}],"replies":[{"embeddable":true,"href":"https:\/\/lottoonline365.com\/cs\/wp-json\/wp\/v2\/comments?post=245"}],"version-history":[{"count":0,"href":"https:\/\/lottoonline365.com\/cs\/wp-json\/wp\/v2\/pages\/245\/revisions"}],"wp:attachment":[{"href":"https:\/\/lottoonline365.com\/cs\/wp-json\/wp\/v2\/media?parent=245"}],"curies":[{"name":"wp","href":"https:\/\/api.w.org\/{rel}","templated":true}]}}